{"id":19405,"date":"2024-08-21T11:24:22","date_gmt":"2024-08-21T11:24:22","guid":{"rendered":"https:\/\/forafrika.ch\/40-ans-de-forafrika\/"},"modified":"2024-08-21T12:00:59","modified_gmt":"2024-08-21T12:00:59","slug":"40-ans-de-forafrika","status":"publish","type":"page","link":"https:\/\/forafrika.ch\/fr\/40-ans-de-forafrika\/","title":{"rendered":"40 ans de ForAfrika"},"content":{"rendered":"\t\t<div data-elementor-type=\"wp-page\" data-elementor-id=\"19405\" class=\"elementor elementor-19405\" data-elementor-post-type=\"page\">\n\t\t\t\t\t\t<section class=\"elementor-section elementor-top-section elementor-element elementor-element-b762c8b elementor-section-boxed elementor-section-height-default elementor-section-height-default\" data-id=\"b762c8b\" data-element_type=\"section\" data-e-type=\"section\">\n\t\t\t\t\t\t<div class=\"elementor-container elementor-column-gap-default\">\n\t\t\t\t\t<div class=\"elementor-column elementor-col-100 elementor-top-column elementor-element elementor-element-dcafc32\" data-id=\"dcafc32\" data-element_type=\"column\" data-e-type=\"column\">\n\t\t\t<div class=\"elementor-widget-wrap elementor-element-populated\">\n\t\t\t\t\t\t<div class=\"elementor-element elementor-element-9b914f3 elementor-widget elementor-widget-image\" data-id=\"9b914f3\" data-element_type=\"widget\" data-e-type=\"widget\" data-widget_type=\"image.default\">\n\t\t\t\t<div class=\"elementor-widget-container\">\n\t\t\t\t\t\t\t\t\t\t\t\t\t\t\t<img fetchpriority=\"high\" decoding=\"async\" width=\"1003\" height=\"480\" src=\"https:\/\/forafrika.ch\/wp-content\/uploads\/2024\/08\/Einladung_header.png\" class=\"attachment-full size-full wp-image-19369\" alt=\"\" srcset=\"https:\/\/forafrika.ch\/wp-content\/uploads\/2024\/08\/Einladung_header.png 1003w, https:\/\/forafrika.ch\/wp-content\/uploads\/2024\/08\/Einladung_header-300x144.png 300w, https:\/\/forafrika.ch\/wp-content\/uploads\/2024\/08\/Einladung_header-768x368.png 768w\" sizes=\"(max-width: 1003px) 100vw, 1003px\" \/>\t\t\t\t\t\t\t\t\t\t\t\t\t\t\t<\/div>\n\t\t\t\t<\/div>\n\t\t\t\t\t<\/div>\n\t\t<\/div>\n\t\t\t\t\t<\/div>\n\t\t<\/section>\n\t\t\t\t<section class=\"elementor-section elementor-top-section elementor-element elementor-element-0b23371 elementor-section-boxed elementor-section-height-default elementor-section-height-default\" data-id=\"0b23371\" data-element_type=\"section\" data-e-type=\"section\">\n\t\t\t\t\t\t<div class=\"elementor-container elementor-column-gap-default\">\n\t\t\t\t\t<div class=\"elementor-column elementor-col-100 elementor-top-column elementor-element elementor-element-e9129ed\" data-id=\"e9129ed\" data-element_type=\"column\" data-e-type=\"column\">\n\t\t\t<div class=\"elementor-widget-wrap elementor-element-populated\">\n\t\t\t\t\t\t<div class=\"elementor-element elementor-element-00a6a38 elementor-widget elementor-widget-text-editor\" data-id=\"00a6a38\" data-element_type=\"widget\" data-e-type=\"widget\" data-widget_type=\"text-editor.default\">\n\t\t\t\t<div class=\"elementor-widget-container\">\n\t\t\t\t\t\t\t\t\t<p>Nous avons le plaisir de vous inviter \u00e0 une c\u00e9l\u00e9bration sp\u00e9ciale du 40e anniversaire de ForAfrika au NGALA Art Space, o\u00f9 la directrice fondatrice Ann Pretorius souhaite vous remercier personnellement pour votre soutien tout au long de ces ann\u00e9es.<\/p>\n<p>Rejoignez-nous pour une soir\u00e9e de r\u00e9flexion, d&rsquo;inspiration et de c\u00e9l\u00e9bration, au cours de laquelle nous marquerons cette \u00e9tape en soulignant le parcours remarquable et le travail efficace de ForAfrika au cours des quatre derni\u00e8res d\u00e9cennies.<\/p>\n\t\t\t\t\t\t\t\t<\/div>\n\t\t\t\t<\/div>\n\t\t\t\t\t<\/div>\n\t\t<\/div>\n\t\t\t\t\t<\/div>\n\t\t<\/section>\n\t\t\t\t<section class=\"elementor-section elementor-top-section elementor-element elementor-element-be8d79f elementor-section-boxed elementor-section-height-default elementor-section-height-default\" data-id=\"be8d79f\" data-element_type=\"section\" data-e-type=\"section\">\n\t\t\t\t\t\t<div class=\"elementor-container elementor-column-gap-default\">\n\t\t\t\t\t<div class=\"elementor-column elementor-col-100 elementor-top-column elementor-element elementor-element-bb992ad\" data-id=\"bb992ad\" data-element_type=\"column\" data-e-type=\"column\">\n\t\t\t<div class=\"elementor-widget-wrap elementor-element-populated\">\n\t\t\t\t\t\t<div class=\"elementor-element elementor-element-0c187b2 elementor-widget elementor-widget-text-editor\" data-id=\"0c187b2\" data-element_type=\"widget\" data-e-type=\"widget\" data-widget_type=\"text-editor.default\">\n\t\t\t\t<div class=\"elementor-widget-container\">\n\t\t\t\t\t\t\t\t\t<h5><strong>21 septembre 2024, 15h &#8211; 19h<\/strong><br \/><strong>Espace d&rsquo;art NGALA<\/strong><br \/><strong>Seestrasse 92, 8002 Zurich<\/strong><\/h5>\n\t\t\t\t\t\t\t\t<\/div>\n\t\t\t\t<\/div>\n\t\t\t\t\t<\/div>\n\t\t<\/div>\n\t\t\t\t\t<\/div>\n\t\t<\/section>\n\t\t\t\t<section class=\"elementor-section elementor-top-section elementor-element elementor-element-e2baac2 elementor-section-boxed elementor-section-height-default elementor-section-height-default\" data-id=\"e2baac2\" data-element_type=\"section\" data-e-type=\"section\">\n\t\t\t\t\t\t<div class=\"elementor-container elementor-column-gap-default\">\n\t\t\t\t\t<div class=\"elementor-column elementor-col-100 elementor-top-column elementor-element elementor-element-584ec3d\" data-id=\"584ec3d\" data-element_type=\"column\" data-e-type=\"column\">\n\t\t\t<div class=\"elementor-widget-wrap elementor-element-populated\">\n\t\t\t\t\t\t<div class=\"elementor-element elementor-element-b2537df elementor-widget elementor-widget-heading\" data-id=\"b2537df\" data-element_type=\"widget\" data-e-type=\"widget\" data-widget_type=\"heading.default\">\n\t\t\t\t<div class=\"elementor-widget-container\">\n\t\t\t\t\t<h4 class=\"elementor-heading-title elementor-size-default\">Inscription<\/h4>\t\t\t\t<\/div>\n\t\t\t\t<\/div>\n\t\t\t\t\t<\/div>\n\t\t<\/div>\n\t\t\t\t\t<\/div>\n\t\t<\/section>\n\t\t\t\t<section class=\"elementor-section elementor-top-section elementor-element elementor-element-9b5b0cd elementor-section-boxed elementor-section-height-default elementor-section-height-default\" data-id=\"9b5b0cd\" data-element_type=\"section\" data-e-type=\"section\">\n\t\t\t\t\t\t<div class=\"elementor-container elementor-column-gap-default\">\n\t\t\t\t\t<div class=\"elementor-column elementor-col-100 elementor-top-column elementor-element elementor-element-59f891b\" data-id=\"59f891b\" data-element_type=\"column\" data-e-type=\"column\">\n\t\t\t<div class=\"elementor-widget-wrap elementor-element-populated\">\n\t\t\t\t\t\t<div class=\"elementor-element elementor-element-e8dba94 elementor-button-align-stretch elementor-widget elementor-widget-form\" data-id=\"e8dba94\" data-element_type=\"widget\" data-e-type=\"widget\" data-settings=\"{&quot;step_next_label&quot;:&quot;Prochain&quot;,&quot;step_previous_label&quot;:&quot;Voriger&quot;,&quot;button_width&quot;:&quot;25&quot;,&quot;step_type&quot;:&quot;number_text&quot;,&quot;step_icon_shape&quot;:&quot;circle&quot;}\" data-widget_type=\"form.default\">\n\t\t\t\t<div class=\"elementor-widget-container\">\n\t\t\t\t\t\t\t<form class=\"elementor-form\" method=\"post\" name=\"40e anniversaire de ForAfrika\" aria-label=\"40e anniversaire de ForAfrika\">\n\t\t\t<input type=\"hidden\" name=\"post_id\" value=\"19405\"\/>\n\t\t\t<input type=\"hidden\" name=\"form_id\" value=\"e8dba94\"\/>\n\t\t\t<input type=\"hidden\" name=\"referer_title\" value=\"40 ans de ForAfrika - Schweiz ForAfrika\" \/>\n\n\t\t\t\t\t\t\t<input type=\"hidden\" name=\"queried_id\" value=\"19405\"\/>\n\t\t\t\n\t\t\t<div class=\"elementor-form-fields-wrapper elementor-labels-above\">\n\t\t\t\t\t\t\t\t<div class=\"elementor-field-type-text elementor-field-group elementor-column elementor-field-group-name elementor-col-100 elementor-field-required elementor-mark-required\">\n\t\t\t\t\t\t\t\t\t\t\t\t<label for=\"form-field-name\" class=\"elementor-field-label\">\n\t\t\t\t\t\t\t\tNom\t\t\t\t\t\t\t<\/label>\n\t\t\t\t\t\t\t\t\t\t\t\t\t\t<input size=\"1\" type=\"text\" name=\"form_fields[name]\" id=\"form-field-name\" class=\"elementor-field elementor-size-sm  elementor-field-textual\" placeholder=\"Pr\u00e9nom et nom de famille\" required=\"required\">\n\t\t\t\t\t\t\t\t\t\t\t<\/div>\n\t\t\t\t\t\t\t\t<div class=\"elementor-field-type-email elementor-field-group elementor-column elementor-field-group-email elementor-col-100 elementor-field-required elementor-mark-required\">\n\t\t\t\t\t\t\t\t\t\t\t\t<label for=\"form-field-email\" class=\"elementor-field-label\">\n\t\t\t\t\t\t\t\tE-Mail\t\t\t\t\t\t\t<\/label>\n\t\t\t\t\t\t\t\t\t\t\t\t\t\t<input size=\"1\" type=\"email\" name=\"form_fields[email]\" id=\"form-field-email\" class=\"elementor-field elementor-size-sm  elementor-field-textual\" placeholder=\"E-Mail\" required=\"required\">\n\t\t\t\t\t\t\t\t\t\t\t<\/div>\n\t\t\t\t\t\t\t\t<div class=\"elementor-field-type-text elementor-field-group elementor-column elementor-field-group-field_ddbc200 elementor-col-100\">\n\t\t\t\t\t\t\t\t\t\t\t\t<label for=\"form-field-field_ddbc200\" class=\"elementor-field-label\">\n\t\t\t\t\t\t\t\tNombre d'invit\u00e9s\t\t\t\t\t\t\t<\/label>\n\t\t\t\t\t\t\t\t\t\t\t\t\t\t<input size=\"1\" type=\"text\" name=\"form_fields[field_ddbc200]\" id=\"form-field-field_ddbc200\" class=\"elementor-field elementor-size-sm  elementor-field-textual\" placeholder=\"Nombre d&#039;invit\u00e9s\">\n\t\t\t\t\t\t\t\t\t\t\t<\/div>\n\t\t\t\t\t\t\t\t<div class=\"elementor-field-group elementor-column elementor-field-type-submit elementor-col-25 e-form__buttons\">\n\t\t\t\t\t<button class=\"elementor-button elementor-size-sm\" type=\"submit\">\n\t\t\t\t\t\t<span class=\"elementor-button-content-wrapper\">\n\t\t\t\t\t\t\t\t\t\t\t\t\t\t\t\t\t\t\t\t\t\t<span class=\"elementor-button-text\">Envoyer<\/span>\n\t\t\t\t\t\t\t\t\t\t\t\t\t<\/span>\n\t\t\t\t\t<\/button>\n\t\t\t\t<\/div>\n\t\t\t<\/div>\n\t\t<\/form>\n\t\t\t\t\t\t<\/div>\n\t\t\t\t<\/div>\n\t\t\t\t\t<\/div>\n\t\t<\/div>\n\t\t\t\t\t<\/div>\n\t\t<\/section>\n\t\t\t\t<\/div>\n\t\t","protected":false},"excerpt":{"rendered":"<p>Nous avons le plaisir de vous inviter \u00e0 une c\u00e9l\u00e9bration sp\u00e9ciale du 40e anniversaire de ForAfrika au NGALA Art Space, o\u00f9 la directrice fondatrice Ann Pretorius souhaite vous remercier personnellement pour votre soutien tout au long de ces ann\u00e9es. Rejoignez-nous pour une soir\u00e9e de r\u00e9flexion, d&rsquo;inspiration et de c\u00e9l\u00e9bration, au cours de laquelle nous marquerons [&hellip;]<\/p>\n","protected":false},"author":6,"featured_media":0,"parent":0,"menu_order":0,"comment_status":"closed","ping_status":"closed","template":"","meta":{"_acf_changed":false,"footnotes":""},"class_list":["post-19405","page","type-page","status-publish","hentry"],"acf":[],"_links":{"self":[{"href":"https:\/\/forafrika.ch\/fr\/wp-json\/wp\/v2\/pages\/19405"}],"collection":[{"href":"https:\/\/forafrika.ch\/fr\/wp-json\/wp\/v2\/pages"}],"about":[{"href":"https:\/\/forafrika.ch\/fr\/wp-json\/wp\/v2\/types\/page"}],"author":[{"embeddable":true,"href":"https:\/\/forafrika.ch\/fr\/wp-json\/wp\/v2\/users\/6"}],"replies":[{"embeddable":true,"href":"https:\/\/forafrika.ch\/fr\/wp-json\/wp\/v2\/comments?post=19405"}],"version-history":[{"count":1,"href":"https:\/\/forafrika.ch\/fr\/wp-json\/wp\/v2\/pages\/19405\/revisions"}],"predecessor-version":[{"id":19406,"href":"https:\/\/forafrika.ch\/fr\/wp-json\/wp\/v2\/pages\/19405\/revisions\/19406"}],"wp:attachment":[{"href":"https:\/\/forafrika.ch\/fr\/wp-json\/wp\/v2\/media?parent=19405"}],"curies":[{"name":"wp","href":"https:\/\/api.w.org\/{rel}","templated":true}]}}