{"id":9818,"date":"2022-06-21T08:28:06","date_gmt":"2022-06-21T08:28:06","guid":{"rendered":"https:\/\/new.forafrika.ch\/nos-programmes\/aide-durgence\/"},"modified":"2026-02-03T21:11:57","modified_gmt":"2026-02-03T21:11:57","slug":"aide-durgence","status":"publish","type":"page","link":"https:\/\/forafrika.ch\/fr\/nos-programmes\/aide-durgence\/","title":{"rendered":"Aide d&rsquo;urgence"},"content":{"rendered":"\t\t<div data-elementor-type=\"wp-page\" data-elementor-id=\"9818\" class=\"elementor elementor-9818 elementor-1080\" data-elementor-post-type=\"page\">\n\t\t\t\t\t\t<section class=\"elementor-section elementor-top-section elementor-element elementor-element-8e2c743 hero-titel elementor-section-boxed elementor-section-height-default elementor-section-height-default\" data-id=\"8e2c743\" data-element_type=\"section\" data-e-type=\"section\">\n\t\t\t\t\t\t<div class=\"elementor-container elementor-column-gap-default\">\n\t\t\t\t\t<div class=\"elementor-column elementor-col-100 elementor-top-column elementor-element elementor-element-24bba679\" data-id=\"24bba679\" data-element_type=\"column\" data-e-type=\"column\">\n\t\t\t<div class=\"elementor-widget-wrap elementor-element-populated\">\n\t\t\t\t\t\t<div class=\"elementor-element elementor-element-1fa64954 elementor-widget elementor-widget-heading\" data-id=\"1fa64954\" data-element_type=\"widget\" data-e-type=\"widget\" data-widget_type=\"heading.default\">\n\t\t\t\t<div class=\"elementor-widget-container\">\n\t\t\t\t\t<h1 class=\"elementor-heading-title elementor-size-default\">Aide d'urgence<\/h1>\t\t\t\t<\/div>\n\t\t\t\t<\/div>\n\t\t\t\t<div class=\"elementor-element elementor-element-64289bc3 animated-slow elementor-invisible elementor-widget elementor-widget-heading\" data-id=\"64289bc3\" data-element_type=\"widget\" data-e-type=\"widget\" data-settings=\"{&quot;_animation&quot;:&quot;fadeIn&quot;}\" data-widget_type=\"heading.default\">\n\t\t\t\t<div class=\"elementor-widget-container\">\n\t\t\t\t\t<h2 class=\"elementor-heading-title elementor-size-xxl\">L'une de nos comp\u00e9tences cl\u00e9s est l'aide d'urgence rapide et flexible dans les zones de crise et de catastrophe.<\/h2>\t\t\t\t<\/div>\n\t\t\t\t<\/div>\n\t\t\t\t<div class=\"elementor-element elementor-element-4444d3b animated-slow elementor-invisible elementor-widget elementor-widget-button\" data-id=\"4444d3b\" data-element_type=\"widget\" data-e-type=\"widget\" data-settings=\"{&quot;_animation&quot;:&quot;fadeIn&quot;}\" data-widget_type=\"button.default\">\n\t\t\t\t<div class=\"elementor-widget-container\">\n\t\t\t\t\t\t\t\t\t<div class=\"elementor-button-wrapper\">\n\t\t\t\t\t<a class=\"elementor-button elementor-button-link elementor-size-sm\" href=\"https:\/\/spende.forafrika.ch\/de\/pay?tid=9071ac5a&#038;invoice_amount=&#038;invoice_number=Nothilfe-Fonds\" target=\"_blank\">\n\t\t\t\t\t\t<span class=\"elementor-button-content-wrapper\">\n\t\t\t\t\t\t\t\t\t<span class=\"elementor-button-text\">Faire un don<\/span>\n\t\t\t\t\t<\/span>\n\t\t\t\t\t<\/a>\n\t\t\t\t<\/div>\n\t\t\t\t\t\t\t\t<\/div>\n\t\t\t\t<\/div>\n\t\t\t\t\t<\/div>\n\t\t<\/div>\n\t\t\t\t\t<\/div>\n\t\t<\/section>\n\t\t\t\t<section class=\"elementor-section elementor-top-section elementor-element elementor-element-5c9305a4 elementor-section-boxed elementor-section-height-default elementor-section-height-default\" data-id=\"5c9305a4\" data-element_type=\"section\" data-e-type=\"section\">\n\t\t\t\t\t\t<div class=\"elementor-container elementor-column-gap-default\">\n\t\t\t\t\t<div class=\"elementor-column elementor-col-100 elementor-top-column elementor-element elementor-element-24a2ec7c elementor-invisible\" data-id=\"24a2ec7c\" data-element_type=\"column\" data-e-type=\"column\" data-settings=\"{&quot;animation&quot;:&quot;slideInUp&quot;}\">\n\t\t\t<div class=\"elementor-widget-wrap elementor-element-populated\">\n\t\t\t\t\t\t<div class=\"elementor-element elementor-element-381e6532 elementor-widget elementor-widget-spacer\" data-id=\"381e6532\" data-element_type=\"widget\" data-e-type=\"widget\" data-widget_type=\"spacer.default\">\n\t\t\t\t<div class=\"elementor-widget-container\">\n\t\t\t\t\t\t\t<div class=\"elementor-spacer\">\n\t\t\t<div class=\"elementor-spacer-inner\"><\/div>\n\t\t<\/div>\n\t\t\t\t\t\t<\/div>\n\t\t\t\t<\/div>\n\t\t\t\t\t<\/div>\n\t\t<\/div>\n\t\t\t\t\t<\/div>\n\t\t<\/section>\n\t\t\t\t<section class=\"elementor-section elementor-top-section elementor-element elementor-element-3b4def8 hero-einleitung elementor-section-boxed elementor-section-height-default elementor-section-height-default\" data-id=\"3b4def8\" data-element_type=\"section\" data-e-type=\"section\">\n\t\t\t\t\t\t<div class=\"elementor-container elementor-column-gap-default\">\n\t\t\t\t\t<div class=\"elementor-column elementor-col-100 elementor-top-column elementor-element elementor-element-55f9734b elementor-invisible\" data-id=\"55f9734b\" data-element_type=\"column\" data-e-type=\"column\" data-settings=\"{&quot;animation&quot;:&quot;slideInUp&quot;}\">\n\t\t\t<div class=\"elementor-widget-wrap elementor-element-populated\">\n\t\t\t\t\t\t<div class=\"elementor-element elementor-element-68ea297 elementor-widget elementor-widget-heading\" data-id=\"68ea297\" data-element_type=\"widget\" data-e-type=\"widget\" data-widget_type=\"heading.default\">\n\t\t\t\t<div class=\"elementor-widget-container\">\n\t\t\t\t\t<h3 class=\"elementor-heading-title elementor-size-large\">En ce qui concerne l'aide d'urgence, nous nous concentrons sur les pays o\u00f9 nous avons des projets, car nous y disposons d'un r\u00e9seau de collaborateurs, d'une logistique propre et de partenariats fiables. Nous vous remercions chaleureusement de nous aider par votre don \u00e0 r\u00e9agir de mani\u00e8re simple, rapide et facile dans les situations d'urgence.<\/h3>\t\t\t\t<\/div>\n\t\t\t\t<\/div>\n\t\t\t\t\t<\/div>\n\t\t<\/div>\n\t\t\t\t\t<\/div>\n\t\t<\/section>\n\t\t\t\t<section class=\"elementor-section elementor-top-section elementor-element elementor-element-4e272f91 elementor-section-boxed elementor-section-height-default elementor-section-height-default\" data-id=\"4e272f91\" data-element_type=\"section\" data-e-type=\"section\" data-settings=\"{&quot;background_background&quot;:&quot;classic&quot;}\">\n\t\t\t\t\t\t<div class=\"elementor-container elementor-column-gap-default\">\n\t\t\t\t\t<div class=\"elementor-column elementor-col-100 elementor-top-column elementor-element elementor-element-40d6a14f\" data-id=\"40d6a14f\" data-element_type=\"column\" data-e-type=\"column\">\n\t\t\t<div class=\"elementor-widget-wrap elementor-element-populated\">\n\t\t\t\t\t\t<div class=\"elementor-element elementor-element-f69f909 elementor-widget elementor-widget-heading\" data-id=\"f69f909\" data-element_type=\"widget\" data-e-type=\"widget\" data-widget_type=\"heading.default\">\n\t\t\t\t<div class=\"elementor-widget-container\">\n\t\t\t\t\t<h2 class=\"elementor-heading-title elementor-size-xl\">Fonds d'aide d'urgence<\/h2>\t\t\t\t<\/div>\n\t\t\t\t<\/div>\n\t\t\t\t<div class=\"elementor-element elementor-element-78b6fd2b elementor-widget elementor-widget-text-editor\" data-id=\"78b6fd2b\" data-element_type=\"widget\" data-e-type=\"widget\" data-widget_type=\"text-editor.default\">\n\t\t\t\t<div class=\"elementor-widget-container\">\n\t\t\t\t\t\t\t\t\t<p>Comme les urgences ne peuvent pas attendre, nous avons cr\u00e9\u00e9 un fonds d&rsquo;urgence afin de pouvoir aider imm\u00e9diatement les familles en situation de crise. En faisant un don \u00e0 ce fonds, vous vous assurez que l&rsquo;aide parvienne l\u00e0 o\u00f9 elle est le plus n\u00e9cessaire.<\/p>\n\t\t\t\t\t\t\t\t<\/div>\n\t\t\t\t<\/div>\n\t\t\t\t<section class=\"elementor-section elementor-inner-section elementor-element elementor-element-62c3500f elementor-reverse-mobile elementor-section-boxed elementor-section-height-default elementor-section-height-default\" data-id=\"62c3500f\" data-element_type=\"section\" data-e-type=\"section\">\n\t\t\t\t\t\t<div class=\"elementor-container elementor-column-gap-no\">\n\t\t\t\t\t<div class=\"elementor-column elementor-col-50 elementor-inner-column elementor-element elementor-element-63126836\" data-id=\"63126836\" data-element_type=\"column\" data-e-type=\"column\">\n\t\t\t<div class=\"elementor-widget-wrap elementor-element-populated\">\n\t\t\t\t\t\t<div class=\"elementor-element elementor-element-433e25c elementor-widget elementor-widget-text-editor\" data-id=\"433e25c\" data-element_type=\"widget\" data-e-type=\"widget\" data-widget_type=\"text-editor.default\">\n\t\t\t\t<div class=\"elementor-widget-container\">\n\t\t\t\t\t\t\t\t\t<ul>\n<li><strong>Eau<\/strong> &#8211; Nous mettons en place des approvisionnements provisoires en eau de secours.<\/li>\n<li><strong>Nourriture<\/strong> &#8211; Nous apportons des rations alimentaires aux familles qui en ont le plus besoin. Un syst\u00e8me de bons pour de l&rsquo;argent liquide et de la nourriture assure une distribution \u00e9quitable.<\/li>\n<li><strong>Logistique<\/strong> &#8211; Nous achetons des marchandises, nous les transportons dans la zone sinistr\u00e9e et nous les livrons aux personnes dans le besoin &#8211; l&rsquo;une des activit\u00e9s les plus difficiles pendant une catastrophe.<\/li>\n<li><strong>Biens d&rsquo;urgence<\/strong> &#8211; Nous fournissons des abris d&rsquo;urgence, des v\u00eatements et des soins m\u00e9dicaux.<\/li>\n<\/ul>\n\t\t\t\t\t\t\t\t<\/div>\n\t\t\t\t<\/div>\n\t\t\t\t<div class=\"elementor-element elementor-element-7df4d1dd elementor-invisible elementor-widget elementor-widget-button\" data-id=\"7df4d1dd\" data-element_type=\"widget\" data-e-type=\"widget\" data-settings=\"{&quot;_animation&quot;:&quot;slideInLeft&quot;}\" data-widget_type=\"button.default\">\n\t\t\t\t<div class=\"elementor-widget-container\">\n\t\t\t\t\t\t\t\t\t<div class=\"elementor-button-wrapper\">\n\t\t\t\t\t<a class=\"elementor-button elementor-button-link elementor-size-sm\" href=\"https:\/\/spende.forafrika.ch\/de\/pay?tid=9071ac5a&#038;invoice_amount=&#038;invoice_number=Nothilfe-Fonds\" target=\"_blank\">\n\t\t\t\t\t\t<span class=\"elementor-button-content-wrapper\">\n\t\t\t\t\t\t\t\t\t<span class=\"elementor-button-text\">Faire un don<\/span>\n\t\t\t\t\t<\/span>\n\t\t\t\t\t<\/a>\n\t\t\t\t<\/div>\n\t\t\t\t\t\t\t\t<\/div>\n\t\t\t\t<\/div>\n\t\t\t\t\t<\/div>\n\t\t<\/div>\n\t\t\t\t<div class=\"elementor-column elementor-col-50 elementor-inner-column elementor-element elementor-element-482b209d elementor-invisible\" data-id=\"482b209d\" data-element_type=\"column\" data-e-type=\"column\" data-settings=\"{&quot;animation&quot;:&quot;slideInRight&quot;}\">\n\t\t\t<div class=\"elementor-widget-wrap elementor-element-populated\">\n\t\t\t\t\t\t<div class=\"elementor-element elementor-element-161d0ea elementor-hidden-mobile elementor-hidden-tablet elementor-widget elementor-widget-html\" data-id=\"161d0ea\" data-element_type=\"widget\" data-e-type=\"widget\" data-widget_type=\"html.default\">\n\t\t\t\t<div class=\"elementor-widget-container\">\n\t\t\t\t\t<iframe class=\"elementor-video\" width=\"640\" height=\"480\" src=\"https:\/\/www.youtube-nocookie.com\/embed\/n--1pT7dq-w?autoplay=1&amp;mute=1\" frameborder=\"0\" allow=\"accelerometer; autoplay; encrypted-media; gyroscope; picture-in-picture\" allowfullscreen=\"\"><\/iframe>\t\t\t\t<\/div>\n\t\t\t\t<\/div>\n\t\t\t\t<div class=\"elementor-element elementor-element-e171f72 elementor-hidden-desktop elementor-hidden-laptop elementor-widget elementor-widget-html\" data-id=\"e171f72\" data-element_type=\"widget\" data-e-type=\"widget\" data-widget_type=\"html.default\">\n\t\t\t\t<div class=\"elementor-widget-container\">\n\t\t\t\t\t<iframe class=\"elementor-video\" width=\"640\" height=\"190\" src=\"https:\/\/www.youtube-nocookie.com\/embed\/n--1pT7dq-w?autoplay=1&amp;mute=1\" frameborder=\"0\" allow=\"accelerometer; autoplay; encrypted-media; gyroscope; picture-in-picture\" allowfullscreen=\"\"><\/iframe>\t\t\t\t<\/div>\n\t\t\t\t<\/div>\n\t\t\t\t<div class=\"elementor-element elementor-element-2661c2b elementor-widget elementor-widget-text-editor\" data-id=\"2661c2b\" data-element_type=\"widget\" data-e-type=\"widget\" data-widget_type=\"text-editor.default\">\n\t\t\t\t<div class=\"elementor-widget-container\">\n\t\t\t\t\t\t\t\t\t<p>D\u00e9sactiver le son dans le lecteur vid\u00e9o.<\/p>\n\t\t\t\t\t\t\t\t<\/div>\n\t\t\t\t<\/div>\n\t\t\t\t\t<\/div>\n\t\t<\/div>\n\t\t\t\t\t<\/div>\n\t\t<\/section>\n\t\t\t\t\t<\/div>\n\t\t<\/div>\n\t\t\t\t\t<\/div>\n\t\t<\/section>\n\t\t\t\t<section class=\"elementor-section elementor-top-section elementor-element elementor-element-3010d3ad elementor-section-boxed elementor-section-height-default elementor-section-height-default\" data-id=\"3010d3ad\" data-element_type=\"section\" data-e-type=\"section\" data-settings=\"{&quot;background_background&quot;:&quot;classic&quot;}\">\n\t\t\t\t\t\t<div class=\"elementor-container elementor-column-gap-default\">\n\t\t\t\t\t<div class=\"elementor-column elementor-col-100 elementor-top-column elementor-element elementor-element-1437a54b\" data-id=\"1437a54b\" data-element_type=\"column\" data-e-type=\"column\">\n\t\t\t<div class=\"elementor-widget-wrap elementor-element-populated\">\n\t\t\t\t\t\t<div class=\"elementor-element elementor-element-59ce7810 elementor-widget elementor-widget-heading\" data-id=\"59ce7810\" data-element_type=\"widget\" data-e-type=\"widget\" data-widget_type=\"heading.default\">\n\t\t\t\t<div class=\"elementor-widget-container\">\n\t\t\t\t\t<h2 class=\"elementor-heading-title elementor-size-default\">Le Dr Ohiri a remport\u00e9 le prix des employ\u00e9s 2023<\/h2>\t\t\t\t<\/div>\n\t\t\t\t<\/div>\n\t\t\t\t<section class=\"elementor-section elementor-inner-section elementor-element elementor-element-72bc05d1 elementor-reverse-mobile elementor-section-boxed elementor-section-height-default elementor-section-height-default\" data-id=\"72bc05d1\" data-element_type=\"section\" data-e-type=\"section\">\n\t\t\t\t\t\t<div class=\"elementor-container elementor-column-gap-no\">\n\t\t\t\t\t<div class=\"elementor-column elementor-col-50 elementor-inner-column elementor-element elementor-element-794bce8a elementor-invisible\" data-id=\"794bce8a\" data-element_type=\"column\" data-e-type=\"column\" data-settings=\"{&quot;animation&quot;:&quot;slideInLeft&quot;}\">\n\t\t\t<div class=\"elementor-widget-wrap elementor-element-populated\">\n\t\t\t\t\t\t<div class=\"elementor-element elementor-element-1baffa66 elementor-widget elementor-widget-text-editor\" data-id=\"1baffa66\" data-element_type=\"widget\" data-e-type=\"widget\" data-widget_type=\"text-editor.default\">\n\t\t\t\t<div class=\"elementor-widget-container\">\n\t\t\t\t\t\t\t\t\t<p><em>Le Dr Dolly Patrick Ohiri, collaborateur m\u00e9dical de ForAfrika et coordinateur des soins de sant\u00e9 dans le district, souligne les am\u00e9liorations consid\u00e9rables qui ont \u00e9t\u00e9 apport\u00e9es \u00e0 l&rsquo;h\u00f4pital.<\/em><\/p>\n<p><em>Il attribue la r\u00e9duction de la mortalit\u00e9 maternelle au renforcement du suivi des femmes enceintes, \u00e0 la d\u00e9tection pr\u00e9coce des complications et \u00e0 la rapidit\u00e9 d&rsquo;intervention.<\/em><\/p>\n\t\t\t\t\t\t\t\t<\/div>\n\t\t\t\t<\/div>\n\t\t\t\t<div class=\"elementor-element elementor-element-7f6f8774 elementor-widget elementor-widget-button\" data-id=\"7f6f8774\" data-element_type=\"widget\" data-e-type=\"widget\" data-widget_type=\"button.default\">\n\t\t\t\t<div class=\"elementor-widget-container\">\n\t\t\t\t\t\t\t\t\t<div class=\"elementor-button-wrapper\">\n\t\t\t\t\t<a class=\"elementor-button elementor-button-link elementor-size-sm\" href=\"https:\/\/forafrika.ch\/fr\/news-nothilfe\/spital-pibor\/\">\n\t\t\t\t\t\t<span class=\"elementor-button-content-wrapper\">\n\t\t\t\t\t\t\t\t\t<span class=\"elementor-button-text\">\u00c0 propos de l'histoire<\/span>\n\t\t\t\t\t<\/span>\n\t\t\t\t\t<\/a>\n\t\t\t\t<\/div>\n\t\t\t\t\t\t\t\t<\/div>\n\t\t\t\t<\/div>\n\t\t\t\t\t<\/div>\n\t\t<\/div>\n\t\t\t\t<div class=\"elementor-column elementor-col-50 elementor-inner-column elementor-element elementor-element-24e4762 elementor-invisible\" data-id=\"24e4762\" data-element_type=\"column\" data-e-type=\"column\" data-settings=\"{&quot;animation&quot;:&quot;slideInRight&quot;}\">\n\t\t\t<div class=\"elementor-widget-wrap elementor-element-populated\">\n\t\t\t\t\t\t<div class=\"elementor-element elementor-element-70347167 elementor-widget elementor-widget-spacer\" data-id=\"70347167\" data-element_type=\"widget\" data-e-type=\"widget\" data-widget_type=\"spacer.default\">\n\t\t\t\t<div class=\"elementor-widget-container\">\n\t\t\t\t\t\t\t<div class=\"elementor-spacer\">\n\t\t\t<div class=\"elementor-spacer-inner\"><\/div>\n\t\t<\/div>\n\t\t\t\t\t\t<\/div>\n\t\t\t\t<\/div>\n\t\t\t\t<div class=\"elementor-element elementor-element-35d1b264 elementor-widget elementor-widget-text-editor\" data-id=\"35d1b264\" data-element_type=\"widget\" data-e-type=\"widget\" data-widget_type=\"text-editor.default\">\n\t\t\t\t<div class=\"elementor-widget-container\">\n\t\t\t\t\t\t\t\t\t<p>Le Dr Ohiri s&rsquo;entretient avec une m\u00e8re \u00e0 l&rsquo;h\u00f4pital de district de Pibor<\/p>\n\t\t\t\t\t\t\t\t<\/div>\n\t\t\t\t<\/div>\n\t\t\t\t\t<\/div>\n\t\t<\/div>\n\t\t\t\t\t<\/div>\n\t\t<\/section>\n\t\t\t\t\t<\/div>\n\t\t<\/div>\n\t\t\t\t\t<\/div>\n\t\t<\/section>\n\t\t\t\t<section class=\"elementor-section elementor-top-section elementor-element elementor-element-766839d2 elementor-section-boxed elementor-section-height-default elementor-section-height-default\" data-id=\"766839d2\" data-element_type=\"section\" data-e-type=\"section\" id=\"spenden\" data-settings=\"{&quot;background_background&quot;:&quot;classic&quot;}\">\n\t\t\t\t\t\t<div class=\"elementor-container elementor-column-gap-default\">\n\t\t\t\t\t<div class=\"elementor-column elementor-col-100 elementor-top-column elementor-element elementor-element-5b84ee62\" data-id=\"5b84ee62\" data-element_type=\"column\" data-e-type=\"column\">\n\t\t\t<div class=\"elementor-widget-wrap elementor-element-populated\">\n\t\t\t\t\t\t<div class=\"elementor-element elementor-element-1bd8774c elementor-widget elementor-widget-heading\" data-id=\"1bd8774c\" data-element_type=\"widget\" data-e-type=\"widget\" data-widget_type=\"heading.default\">\n\t\t\t\t<div class=\"elementor-widget-container\">\n\t\t\t\t\t<h2 class=\"elementor-heading-title elementor-size-default\">Faire un don<\/h2>\t\t\t\t<\/div>\n\t\t\t\t<\/div>\n\t\t\t\t<div class=\"elementor-element elementor-element-2dcfad52 elementor-widget__width-initial elementor-widget elementor-widget-text-editor\" data-id=\"2dcfad52\" data-element_type=\"widget\" data-e-type=\"widget\" data-widget_type=\"text-editor.default\">\n\t\t\t\t<div class=\"elementor-widget-container\">\n\t\t\t\t\t\t\t\t\t<p>Les catastrophes, quelles qu&rsquo;elles soient, se produisent souvent de mani\u00e8re impr\u00e9visible et n\u00e9cessitent n\u00e9anmoins une action rapide, car des milliers de vies humaines sont souvent en jeu.  <span style=\"color: var( --e-global-color-text );\">Faites donc un don d\u00e8s aujourd&rsquo;hui \u00e0 notre fonds d&rsquo;aide d&rsquo;urgence. Cela nous permet, lors d&rsquo;une prochaine crise, d&rsquo;apporter une aide imm\u00e9diate avec un temps de r\u00e9action le plus court possible et rapidement. Votre don arrive l\u00e0 o\u00f9 il est le plus n\u00e9cessaire.<\/span><\/p>\n\t\t\t\t\t\t\t\t<\/div>\n\t\t\t\t<\/div>\n\t\t\t\t<div class=\"elementor-element elementor-element-c003c27 elementor-align-center elementor-widget elementor-widget-button\" data-id=\"c003c27\" data-element_type=\"widget\" data-e-type=\"widget\" data-widget_type=\"button.default\">\n\t\t\t\t<div class=\"elementor-widget-container\">\n\t\t\t\t\t\t\t\t\t<div class=\"elementor-button-wrapper\">\n\t\t\t\t\t<a class=\"elementor-button elementor-button-link elementor-size-sm\" href=\"https:\/\/spende.forafrika.ch\/de\/pay?tid=9071ac5a&#038;invoice_amount=&#038;invoice_number=Nothilfe-Fonds\" target=\"_blank\">\n\t\t\t\t\t\t<span class=\"elementor-button-content-wrapper\">\n\t\t\t\t\t\t\t\t\t<span class=\"elementor-button-text\">Fonds d'aide d'urgence<\/span>\n\t\t\t\t\t<\/span>\n\t\t\t\t\t<\/a>\n\t\t\t\t<\/div>\n\t\t\t\t\t\t\t\t<\/div>\n\t\t\t\t<\/div>\n\t\t\t\t<div class=\"elementor-element elementor-element-531ac73c elementor-invisible elementor-widget elementor-widget-image\" data-id=\"531ac73c\" data-element_type=\"widget\" data-e-type=\"widget\" data-settings=\"{&quot;_animation&quot;:&quot;bounceIn&quot;}\" data-widget_type=\"image.default\">\n\t\t\t\t<div class=\"elementor-widget-container\">\n\t\t\t\t\t\t\t\t\t\t\t\t\t\t\t\t<a href=\"https:\/\/zewo.ch\/fr\/npo-detail\/?relief_organization=suisse-forafrika\" target=\"_blank\" rel=\"noopener\">\n\t\t\t\t\t\t\t<img fetchpriority=\"high\" decoding=\"async\" width=\"750\" height=\"188\" src=\"https:\/\/forafrika.ch\/wp-content\/uploads\/2022\/11\/ZEWO_Logo_Claim_D_4c.png\" class=\"attachment-large size-large wp-image-8280\" alt=\"\" srcset=\"https:\/\/forafrika.ch\/wp-content\/uploads\/2022\/11\/ZEWO_Logo_Claim_D_4c.png 750w, https:\/\/forafrika.ch\/wp-content\/uploads\/2022\/11\/ZEWO_Logo_Claim_D_4c-300x75.png 300w\" sizes=\"(max-width: 750px) 100vw, 750px\" \/>\t\t\t\t\t\t\t\t<\/a>\n\t\t\t\t\t\t\t\t\t\t\t\t\t\t\t<\/div>\n\t\t\t\t<\/div>\n\t\t\t\t\t<\/div>\n\t\t<\/div>\n\t\t\t\t\t<\/div>\n\t\t<\/section>\n\t\t\t\t<\/div>\n\t\t","protected":false},"excerpt":{"rendered":"<p>Aide d&rsquo;urgence L&rsquo;une de nos comp\u00e9tences cl\u00e9s est l&rsquo;aide d&rsquo;urgence rapide et flexible dans les zones de crise et de catastrophe. Faire un don En ce qui concerne l&rsquo;aide d&rsquo;urgence, nous nous concentrons sur les pays o\u00f9 nous avons des projets, car nous y disposons d&rsquo;un r\u00e9seau de collaborateurs, d&rsquo;une logistique propre et de partenariats [&hellip;]<\/p>\n","protected":false},"author":1,"featured_media":8565,"parent":9162,"menu_order":0,"comment_status":"closed","ping_status":"closed","template":"","meta":{"_acf_changed":false,"footnotes":""},"class_list":["post-9818","page","type-page","status-publish","has-post-thumbnail","hentry"],"acf":[],"_links":{"self":[{"href":"https:\/\/forafrika.ch\/fr\/wp-json\/wp\/v2\/pages\/9818"}],"collection":[{"href":"https:\/\/forafrika.ch\/fr\/wp-json\/wp\/v2\/pages"}],"about":[{"href":"https:\/\/forafrika.ch\/fr\/wp-json\/wp\/v2\/types\/page"}],"author":[{"embeddable":true,"href":"https:\/\/forafrika.ch\/fr\/wp-json\/wp\/v2\/users\/1"}],"replies":[{"embeddable":true,"href":"https:\/\/forafrika.ch\/fr\/wp-json\/wp\/v2\/comments?post=9818"}],"version-history":[{"count":12,"href":"https:\/\/forafrika.ch\/fr\/wp-json\/wp\/v2\/pages\/9818\/revisions"}],"predecessor-version":[{"id":23475,"href":"https:\/\/forafrika.ch\/fr\/wp-json\/wp\/v2\/pages\/9818\/revisions\/23475"}],"up":[{"embeddable":true,"href":"https:\/\/forafrika.ch\/fr\/wp-json\/wp\/v2\/pages\/9162"}],"wp:featuredmedia":[{"embeddable":true,"href":"https:\/\/forafrika.ch\/fr\/wp-json\/wp\/v2\/media\/8565"}],"wp:attachment":[{"href":"https:\/\/forafrika.ch\/fr\/wp-json\/wp\/v2\/media?parent=9818"}],"curies":[{"name":"wp","href":"https:\/\/api.w.org\/{rel}","templated":true}]}}