{"id":9908,"date":"2023-02-15T13:28:03","date_gmt":"2023-02-15T13:28:03","guid":{"rendered":"https:\/\/forafrika.ch\/impressum\/"},"modified":"2023-10-12T15:24:03","modified_gmt":"2023-10-12T15:24:03","slug":"impressum","status":"publish","type":"page","link":"https:\/\/forafrika.ch\/fr\/impressum\/","title":{"rendered":"Impressum"},"content":{"rendered":"\t\t<div data-elementor-type=\"wp-page\" data-elementor-id=\"9908\" class=\"elementor elementor-9908 elementor-6743\" data-elementor-post-type=\"page\">\n\t\t\t\t\t\t<section class=\"elementor-section elementor-top-section elementor-element elementor-element-83aa91c elementor-section-boxed elementor-section-height-default elementor-section-height-default\" data-id=\"83aa91c\" data-element_type=\"section\" data-e-type=\"section\">\n\t\t\t\t\t\t<div class=\"elementor-container elementor-column-gap-default\">\n\t\t\t\t\t<div class=\"elementor-column elementor-col-33 elementor-top-column elementor-element elementor-element-2a8a6ad\" data-id=\"2a8a6ad\" data-element_type=\"column\" data-e-type=\"column\">\n\t\t\t<div class=\"elementor-widget-wrap elementor-element-populated\">\n\t\t\t\t\t\t<div class=\"elementor-element elementor-element-591e783 elementor-widget elementor-widget-text-editor\" data-id=\"591e783\" data-element_type=\"widget\" data-e-type=\"widget\" data-widget_type=\"text-editor.default\">\n\t\t\t\t<div class=\"elementor-widget-container\">\n\t\t\t\t\t\t\t\t\t<h2>Impressum <\/h2>\n<h4>Contenu et r\u00e9daction de ce site web<\/h4>\n<p>Stiftung Schweiz ForAfrika<br \/>Schwellistrasse 6<br \/>8052 Z\u00fcrich, Schweiz<br \/>T\u00e9l\u00e9phone : <a href=\"tel:+41445003636\">044 500 36 36<\/a><br \/>Mail: <a href=\"mailto:info@forafrika.ch\">info@forafrika.ch<\/a><\/p>\n\t\t\t\t\t\t\t\t<\/div>\n\t\t\t\t<\/div>\n\t\t\t\t\t<\/div>\n\t\t<\/div>\n\t\t\t\t<div class=\"elementor-column elementor-col-33 elementor-top-column elementor-element elementor-element-b06e84a\" data-id=\"b06e84a\" data-element_type=\"column\" data-e-type=\"column\">\n\t\t\t<div class=\"elementor-widget-wrap\">\n\t\t\t\t\t\t\t<\/div>\n\t\t<\/div>\n\t\t\t\t<div class=\"elementor-column elementor-col-33 elementor-top-column elementor-element elementor-element-93666f7\" data-id=\"93666f7\" data-element_type=\"column\" data-e-type=\"column\">\n\t\t\t<div class=\"elementor-widget-wrap\">\n\t\t\t\t\t\t\t<\/div>\n\t\t<\/div>\n\t\t\t\t\t<\/div>\n\t\t<\/section>\n\t\t\t\t<\/div>\n\t\t","protected":false},"excerpt":{"rendered":"<p>Impressum Contenu et r\u00e9daction de ce site web Stiftung Schweiz ForAfrikaSchwellistrasse 68052 Z\u00fcrich, SchweizT\u00e9l\u00e9phone : 044 500 36 36Mail: info@forafrika.ch<\/p>\n","protected":false},"author":4,"featured_media":0,"parent":0,"menu_order":0,"comment_status":"closed","ping_status":"closed","template":"elementor_header_footer","meta":{"_acf_changed":false,"footnotes":""},"class_list":["post-9908","page","type-page","status-publish","hentry"],"acf":[],"_links":{"self":[{"href":"https:\/\/forafrika.ch\/fr\/wp-json\/wp\/v2\/pages\/9908"}],"collection":[{"href":"https:\/\/forafrika.ch\/fr\/wp-json\/wp\/v2\/pages"}],"about":[{"href":"https:\/\/forafrika.ch\/fr\/wp-json\/wp\/v2\/types\/page"}],"author":[{"embeddable":true,"href":"https:\/\/forafrika.ch\/fr\/wp-json\/wp\/v2\/users\/4"}],"replies":[{"embeddable":true,"href":"https:\/\/forafrika.ch\/fr\/wp-json\/wp\/v2\/comments?post=9908"}],"version-history":[{"count":0,"href":"https:\/\/forafrika.ch\/fr\/wp-json\/wp\/v2\/pages\/9908\/revisions"}],"wp:attachment":[{"href":"https:\/\/forafrika.ch\/fr\/wp-json\/wp\/v2\/media?parent=9908"}],"curies":[{"name":"wp","href":"https:\/\/api.w.org\/{rel}","templated":true}]}}